{"id":6436,"date":"2023-06-01T11:22:25","date_gmt":"2023-06-01T14:22:25","guid":{"rendered":"https:\/\/abac.com.ar\/nosotros\/"},"modified":"2024-07-25T16:06:36","modified_gmt":"2024-07-25T19:06:36","slug":"nosotros","status":"publish","type":"page","link":"https:\/\/abac.com.ar\/en\/nosotros\/","title":{"rendered":"Nosotros"},"content":{"rendered":"<p>ABAC S.R.L. es una empresa argentina fundada en 1979. Contamos con m\u00e1s de 40 a\u00f1os de experiencia en el dise\u00f1o, fabricaci\u00f3n y comercializaci\u00f3n de v\u00e1lvulas, manifolds para instrumentos, conectores, equipos y otros accesorios para sistemas de presi\u00f3n, caudal y control de fluidos en aplicaciones industriales.<\/p>\n","protected":false},"excerpt":{"rendered":"<p>ABAC S.R.L. es una empresa argentina fundada en 1979. Contamos con m\u00e1s de 40 a\u00f1os de experiencia en el dise\u00f1o, fabricaci\u00f3n y comercializaci\u00f3n de v\u00e1lvulas, manifolds para instrumentos, conectores, equipos y otros accesorios para sistemas de presi\u00f3n, caudal y control de fluidos en aplicaciones industriales.<\/p>\n","protected":false},"author":1,"featured_media":0,"parent":0,"menu_order":0,"comment_status":"closed","ping_status":"closed","template":"","meta":{"_acf_changed":false,"footnotes":""},"class_list":["post-6436","page","type-page","status-publish","hentry"],"acf":[],"_links":{"self":[{"href":"https:\/\/abac.com.ar\/en\/wp-json\/wp\/v2\/pages\/6436"}],"collection":[{"href":"https:\/\/abac.com.ar\/en\/wp-json\/wp\/v2\/pages"}],"about":[{"href":"https:\/\/abac.com.ar\/en\/wp-json\/wp\/v2\/types\/page"}],"author":[{"embeddable":true,"href":"https:\/\/abac.com.ar\/en\/wp-json\/wp\/v2\/users\/1"}],"replies":[{"embeddable":true,"href":"https:\/\/abac.com.ar\/en\/wp-json\/wp\/v2\/comments?post=6436"}],"version-history":[{"count":0,"href":"https:\/\/abac.com.ar\/en\/wp-json\/wp\/v2\/pages\/6436\/revisions"}],"wp:attachment":[{"href":"https:\/\/abac.com.ar\/en\/wp-json\/wp\/v2\/media?parent=6436"}],"curies":[{"name":"wp","href":"https:\/\/api.w.org\/{rel}","templated":true}]}}